{"id":6632,"date":"2024-04-29T20:22:25","date_gmt":"2024-04-29T20:22:25","guid":{"rendered":"https:\/\/mentasigorta.com\/cookie-policy\/"},"modified":"2026-03-23T12:50:46","modified_gmt":"2026-03-23T12:50:46","slug":"cookie-policy","status":"publish","type":"page","link":"https:\/\/mentasigorta.com\/en\/cookie-policy\/","title":{"rendered":"Cookie Policy"},"content":{"rendered":"\t\t<div data-elementor-type=\"wp-page\" data-elementor-id=\"6632\" class=\"elementor elementor-6632 elementor-88\">\n\t\t\t\t<div class=\"elementor-element elementor-element-2fb6115 e-flex e-con-boxed e-con e-parent\" data-id=\"2fb6115\" data-element_type=\"container\" data-e-type=\"container\">\n\t\t\t\t\t<div class=\"e-con-inner\">\n\t\t\t\t<div class=\"elementor-element elementor-element-a43112c elementor-widget elementor-widget-heading\" data-id=\"a43112c\" data-element_type=\"widget\" data-e-type=\"widget\" data-widget_type=\"heading.default\">\n\t\t\t\t<div class=\"elementor-widget-container\">\n\t\t\t\t\t<h2 class=\"elementor-heading-title elementor-size-default\">Cookie Policy<\/h2>\t\t\t\t<\/div>\n\t\t\t\t<\/div>\n\t\t\t\t<div class=\"elementor-element elementor-element-49c5519 elementor-widget elementor-widget-text-editor\" data-id=\"49c5519\" data-element_type=\"widget\" data-e-type=\"widget\" data-widget_type=\"text-editor.default\">\n\t\t\t\t<div class=\"elementor-widget-container\">\n\t\t\t\t\t\t\t\t\t<p>Your privacy and security rights are of the utmost importance to us and form our core <br>principle. We would like to inform you about the types of cookies used on our website, the <br>purposes for which they are used, and how to adjust, manage and delete these cookies. <\/p><p>This text has been prepared by Menta Global Insurance and Reinsurance Brokerage Inc. in <br>its capacity as data controller, in accordance with Article 10 of the Law on the Protection of <br>Personal Data No. 6698 (the Law) and the Communiqu\u00e9 on the Procedures and Principles <br>to be Followed in Fulfilment of the Duty to Provide Information. The purpose of this Cookie <br>Information Notice is to provide you with information regarding the processing of personal <br>data automatically collected through the placement of cookies on your device on our <br>website, including the purposes for which we use different types of cookies and how you <br>can manage them.<\/p><p>You can visit our website without providing any personal information and obtain <br>information about our products and services to meet your needs. Some cookies are used <br>to collect information regarding website usage during visits. Our aim here is to provide <br>convenience to users visiting our website and to improve its functionality.  <\/p><p><strong>What is a Cookie?<\/strong><\/p><p>A cookie is a small text file stored on your computer or mobile device via your browser <br>when you visit a website. Cookies enable a website to operate more efficiently and allow <br>for the presentation of personalised pages, thereby providing a more tailored and faster <br>browsing experience to suit your personal needs. Cookies contain only information <br>regarding your browsing history on the internet and do not collect any information about <br>files stored on your computer or mobile device.  <\/p><p><strong>Types of Cookies and Their Purposes<\/strong><\/p><p>Cookie types based on duration: Our website uses session cookies and persistent cookies <br>based on their duration. Session cookies are used to maintain the continuity of the session <br>and are deleted when the user closes their browser. Persistent cookies, however, are not <br>deleted when the web browser is closed and are automatically deleted on a specific date or <br>after a certain period of time.  <\/p><p><strong>First-party and third-party cookies:<\/strong><\/p><p>Whether a cookie is first-party or third-party depends on the website or domain that places <br>the cookie. First-party cookies are placed directly by the website the user is visiting, i.e. the <br>web address displayed in the browser\u2019s address bar (e.g. ornek.com.tr). Third-party <br>cookies, on the other hand, are placed by a domain different from the one the user is <br>visiting.<br>taraf\u0131ndan yerle\u015ftirilmektedir.  <\/p>\t\t\t\t\t\t\t\t<\/div>\n\t\t\t\t<\/div>\n\t\t\t\t\t<\/div>\n\t\t\t\t<\/div>\n\t\t\t\t<\/div>\n\t\t\n    <div class=\"xs_social_share_widget xs_share_url after_content \t\tmain_content  wslu-style-1 wslu-share-box-shaped wslu-fill-colored wslu-none wslu-share-horizontal wslu-theme-font-no wslu-main_content\">\n\n\t\t\n        <ul>\n\t\t\t        <\/ul>\n    <\/div> \n","protected":false},"excerpt":{"rendered":"<p>Cookie Policy Your privacy and security rights are of the utmost importance to us and form our core principle. We would like to inform you about the types of cookies used on our website, the purposes for which they are used, and how to adjust, manage and delete these cookies.<\/p>\n","protected":false},"author":1,"featured_media":0,"parent":0,"menu_order":0,"comment_status":"closed","ping_status":"closed","template":"","meta":{"footnotes":""},"class_list":["post-6632","page","type-page","status-publish","hentry"],"yoast_head":"<!-- This site is optimized with the Yoast SEO plugin v27.4 - https:\/\/yoast.com\/product\/yoast-seo-wordpress\/ -->\n<title>Cookie Policy - Menta Global<\/title>\n<meta name=\"robots\" content=\"index, follow, max-snippet:-1, max-image-preview:large, max-video-preview:-1\" \/>\n<link rel=\"canonical\" href=\"https:\/\/mentasigorta.com\/en\/cookie-policy\/\" \/>\n<meta property=\"og:locale\" content=\"en_US\" \/>\n<meta property=\"og:type\" content=\"article\" \/>\n<meta property=\"og:title\" content=\"Cookie Policy - Menta Global\" \/>\n<meta property=\"og:description\" content=\"Cookie Policy Your privacy and security rights are of the utmost importance to us and form our core principle. We would like to inform you about the types of cookies used on our website, the purposes for which they are used, and how to adjust, manage and delete these cookies.\" \/>\n<meta property=\"og:url\" content=\"https:\/\/mentasigorta.com\/en\/cookie-policy\/\" \/>\n<meta property=\"og:site_name\" content=\"Menta Global\" \/>\n<meta property=\"article:modified_time\" content=\"2026-03-23T12:50:46+00:00\" \/>\n<meta name=\"twitter:card\" content=\"summary_large_image\" \/>\n<meta name=\"twitter:label1\" content=\"Est. reading time\" \/>\n\t<meta name=\"twitter:data1\" content=\"2 minutes\" \/>\n<script type=\"application\/ld+json\" class=\"yoast-schema-graph\">{\"@context\":\"https:\\\/\\\/schema.org\",\"@graph\":[{\"@type\":\"WebPage\",\"@id\":\"https:\\\/\\\/mentasigorta.com\\\/en\\\/cookie-policy\\\/\",\"url\":\"https:\\\/\\\/mentasigorta.com\\\/en\\\/cookie-policy\\\/\",\"name\":\"Cookie Policy - Menta Global\",\"isPartOf\":{\"@id\":\"https:\\\/\\\/mentasigorta.com\\\/#website\"},\"datePublished\":\"2024-04-29T20:22:25+00:00\",\"dateModified\":\"2026-03-23T12:50:46+00:00\",\"breadcrumb\":{\"@id\":\"https:\\\/\\\/mentasigorta.com\\\/en\\\/cookie-policy\\\/#breadcrumb\"},\"inLanguage\":\"en-US\",\"potentialAction\":[{\"@type\":\"ReadAction\",\"target\":[\"https:\\\/\\\/mentasigorta.com\\\/en\\\/cookie-policy\\\/\"]}]},{\"@type\":\"BreadcrumbList\",\"@id\":\"https:\\\/\\\/mentasigorta.com\\\/en\\\/cookie-policy\\\/#breadcrumb\",\"itemListElement\":[{\"@type\":\"ListItem\",\"position\":1,\"name\":\"Anasayfa\",\"item\":\"https:\\\/\\\/mentasigorta.com\\\/\"},{\"@type\":\"ListItem\",\"position\":2,\"name\":\"Cookie Policy\"}]},{\"@type\":\"WebSite\",\"@id\":\"https:\\\/\\\/mentasigorta.com\\\/#website\",\"url\":\"https:\\\/\\\/mentasigorta.com\\\/\",\"name\":\"Menta Sigorta\",\"description\":\"Size \u00f6zel yenilik\u00e7i risk \u00e7\u00f6z\u00fcmleri sunuyoruz.\",\"publisher\":{\"@id\":\"https:\\\/\\\/mentasigorta.com\\\/#organization\"},\"potentialAction\":[{\"@type\":\"SearchAction\",\"target\":{\"@type\":\"EntryPoint\",\"urlTemplate\":\"https:\\\/\\\/mentasigorta.com\\\/?s={search_term_string}\"},\"query-input\":{\"@type\":\"PropertyValueSpecification\",\"valueRequired\":true,\"valueName\":\"search_term_string\"}}],\"inLanguage\":\"en-US\"},{\"@type\":\"Organization\",\"@id\":\"https:\\\/\\\/mentasigorta.com\\\/#organization\",\"name\":\"Menta Sigorta\",\"url\":\"https:\\\/\\\/mentasigorta.com\\\/\",\"logo\":{\"@type\":\"ImageObject\",\"inLanguage\":\"en-US\",\"@id\":\"https:\\\/\\\/mentasigorta.com\\\/#\\\/schema\\\/logo\\\/image\\\/\",\"url\":\"https:\\\/\\\/mentasigorta.com\\\/wp-content\\\/uploads\\\/2023\\\/08\\\/menta_logo1.png\",\"contentUrl\":\"https:\\\/\\\/mentasigorta.com\\\/wp-content\\\/uploads\\\/2023\\\/08\\\/menta_logo1.png\",\"width\":1080,\"height\":433,\"caption\":\"Menta Sigorta\"},\"image\":{\"@id\":\"https:\\\/\\\/mentasigorta.com\\\/#\\\/schema\\\/logo\\\/image\\\/\"}}]}<\/script>\n<!-- \/ Yoast SEO plugin. -->","yoast_head_json":{"title":"Cookie Policy - Menta Global","robots":{"index":"index","follow":"follow","max-snippet":"max-snippet:-1","max-image-preview":"max-image-preview:large","max-video-preview":"max-video-preview:-1"},"canonical":"https:\/\/mentasigorta.com\/en\/cookie-policy\/","og_locale":"en_US","og_type":"article","og_title":"Cookie Policy - Menta Global","og_description":"Cookie Policy Your privacy and security rights are of the utmost importance to us and form our core principle. We would like to inform you about the types of cookies used on our website, the purposes for which they are used, and how to adjust, manage and delete these cookies.","og_url":"https:\/\/mentasigorta.com\/en\/cookie-policy\/","og_site_name":"Menta Global","article_modified_time":"2026-03-23T12:50:46+00:00","twitter_card":"summary_large_image","twitter_misc":{"Est. reading time":"2 minutes"},"schema":{"@context":"https:\/\/schema.org","@graph":[{"@type":"WebPage","@id":"https:\/\/mentasigorta.com\/en\/cookie-policy\/","url":"https:\/\/mentasigorta.com\/en\/cookie-policy\/","name":"Cookie Policy - Menta Global","isPartOf":{"@id":"https:\/\/mentasigorta.com\/#website"},"datePublished":"2024-04-29T20:22:25+00:00","dateModified":"2026-03-23T12:50:46+00:00","breadcrumb":{"@id":"https:\/\/mentasigorta.com\/en\/cookie-policy\/#breadcrumb"},"inLanguage":"en-US","potentialAction":[{"@type":"ReadAction","target":["https:\/\/mentasigorta.com\/en\/cookie-policy\/"]}]},{"@type":"BreadcrumbList","@id":"https:\/\/mentasigorta.com\/en\/cookie-policy\/#breadcrumb","itemListElement":[{"@type":"ListItem","position":1,"name":"Anasayfa","item":"https:\/\/mentasigorta.com\/"},{"@type":"ListItem","position":2,"name":"Cookie Policy"}]},{"@type":"WebSite","@id":"https:\/\/mentasigorta.com\/#website","url":"https:\/\/mentasigorta.com\/","name":"Menta Sigorta","description":"Size \u00f6zel yenilik\u00e7i risk \u00e7\u00f6z\u00fcmleri sunuyoruz.","publisher":{"@id":"https:\/\/mentasigorta.com\/#organization"},"potentialAction":[{"@type":"SearchAction","target":{"@type":"EntryPoint","urlTemplate":"https:\/\/mentasigorta.com\/?s={search_term_string}"},"query-input":{"@type":"PropertyValueSpecification","valueRequired":true,"valueName":"search_term_string"}}],"inLanguage":"en-US"},{"@type":"Organization","@id":"https:\/\/mentasigorta.com\/#organization","name":"Menta Sigorta","url":"https:\/\/mentasigorta.com\/","logo":{"@type":"ImageObject","inLanguage":"en-US","@id":"https:\/\/mentasigorta.com\/#\/schema\/logo\/image\/","url":"https:\/\/mentasigorta.com\/wp-content\/uploads\/2023\/08\/menta_logo1.png","contentUrl":"https:\/\/mentasigorta.com\/wp-content\/uploads\/2023\/08\/menta_logo1.png","width":1080,"height":433,"caption":"Menta Sigorta"},"image":{"@id":"https:\/\/mentasigorta.com\/#\/schema\/logo\/image\/"}}]}},"_links":{"self":[{"href":"https:\/\/mentasigorta.com\/en\/wp-json\/wp\/v2\/pages\/6632","targetHints":{"allow":["GET"]}}],"collection":[{"href":"https:\/\/mentasigorta.com\/en\/wp-json\/wp\/v2\/pages"}],"about":[{"href":"https:\/\/mentasigorta.com\/en\/wp-json\/wp\/v2\/types\/page"}],"author":[{"embeddable":true,"href":"https:\/\/mentasigorta.com\/en\/wp-json\/wp\/v2\/users\/1"}],"replies":[{"embeddable":true,"href":"https:\/\/mentasigorta.com\/en\/wp-json\/wp\/v2\/comments?post=6632"}],"version-history":[{"count":1,"href":"https:\/\/mentasigorta.com\/en\/wp-json\/wp\/v2\/pages\/6632\/revisions"}],"predecessor-version":[{"id":6634,"href":"https:\/\/mentasigorta.com\/en\/wp-json\/wp\/v2\/pages\/6632\/revisions\/6634"}],"wp:attachment":[{"href":"https:\/\/mentasigorta.com\/en\/wp-json\/wp\/v2\/media?parent=6632"}],"curies":[{"name":"wp","href":"https:\/\/api.w.org\/{rel}","templated":true}]}}