{"id":6420,"date":"2024-04-27T13:33:07","date_gmt":"2024-04-27T13:33:07","guid":{"rendered":"https:\/\/mentasigorta.com\/our-services\/"},"modified":"2026-03-20T06:26:21","modified_gmt":"2026-03-20T06:26:21","slug":"our-services","status":"publish","type":"page","link":"https:\/\/mentasigorta.com\/en\/our-services\/","title":{"rendered":"Our services"},"content":{"rendered":"\n    <div class=\"xs_social_share_widget xs_share_url after_content \t\tmain_content  wslu-style-1 wslu-share-box-shaped wslu-fill-colored wslu-none wslu-share-horizontal wslu-theme-font-no wslu-main_content\">\n\n\t\t\n        <ul>\n\t\t\t        <\/ul>\n    <\/div> \n","protected":false},"excerpt":{"rendered":"","protected":false},"author":1,"featured_media":0,"parent":0,"menu_order":0,"comment_status":"closed","ping_status":"closed","template":"","meta":{"footnotes":""},"class_list":["post-6420","page","type-page","status-publish","hentry"],"yoast_head":"<!-- This site is optimized with the Yoast SEO plugin v27.4 - https:\/\/yoast.com\/product\/yoast-seo-wordpress\/ -->\n<title>Our services - Menta Global<\/title>\n<meta name=\"robots\" content=\"index, follow, max-snippet:-1, max-image-preview:large, max-video-preview:-1\" \/>\n<link rel=\"canonical\" href=\"https:\/\/mentasigorta.com\/en\/our-services\/\" \/>\n<meta property=\"og:locale\" content=\"en_US\" \/>\n<meta property=\"og:type\" content=\"article\" \/>\n<meta property=\"og:title\" content=\"Our services - Menta Global\" \/>\n<meta property=\"og:url\" content=\"https:\/\/mentasigorta.com\/en\/our-services\/\" \/>\n<meta property=\"og:site_name\" content=\"Menta Global\" \/>\n<meta property=\"article:modified_time\" content=\"2026-03-20T06:26:21+00:00\" \/>\n<meta name=\"twitter:card\" content=\"summary_large_image\" \/>\n<script type=\"application\/ld+json\" class=\"yoast-schema-graph\">{\"@context\":\"https:\\\/\\\/schema.org\",\"@graph\":[{\"@type\":\"WebPage\",\"@id\":\"https:\\\/\\\/mentasigorta.com\\\/en\\\/our-services\\\/\",\"url\":\"https:\\\/\\\/mentasigorta.com\\\/en\\\/our-services\\\/\",\"name\":\"Our services - Menta Global\",\"isPartOf\":{\"@id\":\"https:\\\/\\\/mentasigorta.com\\\/#website\"},\"datePublished\":\"2024-04-27T13:33:07+00:00\",\"dateModified\":\"2026-03-20T06:26:21+00:00\",\"breadcrumb\":{\"@id\":\"https:\\\/\\\/mentasigorta.com\\\/en\\\/our-services\\\/#breadcrumb\"},\"inLanguage\":\"en-US\",\"potentialAction\":[{\"@type\":\"ReadAction\",\"target\":[\"https:\\\/\\\/mentasigorta.com\\\/en\\\/our-services\\\/\"]}]},{\"@type\":\"BreadcrumbList\",\"@id\":\"https:\\\/\\\/mentasigorta.com\\\/en\\\/our-services\\\/#breadcrumb\",\"itemListElement\":[{\"@type\":\"ListItem\",\"position\":1,\"name\":\"Anasayfa\",\"item\":\"https:\\\/\\\/mentasigorta.com\\\/\"},{\"@type\":\"ListItem\",\"position\":2,\"name\":\"Our services\"}]},{\"@type\":\"WebSite\",\"@id\":\"https:\\\/\\\/mentasigorta.com\\\/#website\",\"url\":\"https:\\\/\\\/mentasigorta.com\\\/\",\"name\":\"Menta Sigorta\",\"description\":\"Size \u00f6zel yenilik\u00e7i risk \u00e7\u00f6z\u00fcmleri sunuyoruz.\",\"publisher\":{\"@id\":\"https:\\\/\\\/mentasigorta.com\\\/#organization\"},\"potentialAction\":[{\"@type\":\"SearchAction\",\"target\":{\"@type\":\"EntryPoint\",\"urlTemplate\":\"https:\\\/\\\/mentasigorta.com\\\/?s={search_term_string}\"},\"query-input\":{\"@type\":\"PropertyValueSpecification\",\"valueRequired\":true,\"valueName\":\"search_term_string\"}}],\"inLanguage\":\"en-US\"},{\"@type\":\"Organization\",\"@id\":\"https:\\\/\\\/mentasigorta.com\\\/#organization\",\"name\":\"Menta Sigorta\",\"url\":\"https:\\\/\\\/mentasigorta.com\\\/\",\"logo\":{\"@type\":\"ImageObject\",\"inLanguage\":\"en-US\",\"@id\":\"https:\\\/\\\/mentasigorta.com\\\/#\\\/schema\\\/logo\\\/image\\\/\",\"url\":\"https:\\\/\\\/mentasigorta.com\\\/wp-content\\\/uploads\\\/2023\\\/08\\\/menta_logo1.png\",\"contentUrl\":\"https:\\\/\\\/mentasigorta.com\\\/wp-content\\\/uploads\\\/2023\\\/08\\\/menta_logo1.png\",\"width\":1080,\"height\":433,\"caption\":\"Menta Sigorta\"},\"image\":{\"@id\":\"https:\\\/\\\/mentasigorta.com\\\/#\\\/schema\\\/logo\\\/image\\\/\"}}]}<\/script>\n<!-- \/ Yoast SEO plugin. -->","yoast_head_json":{"title":"Our services - Menta Global","robots":{"index":"index","follow":"follow","max-snippet":"max-snippet:-1","max-image-preview":"max-image-preview:large","max-video-preview":"max-video-preview:-1"},"canonical":"https:\/\/mentasigorta.com\/en\/our-services\/","og_locale":"en_US","og_type":"article","og_title":"Our services - Menta Global","og_url":"https:\/\/mentasigorta.com\/en\/our-services\/","og_site_name":"Menta Global","article_modified_time":"2026-03-20T06:26:21+00:00","twitter_card":"summary_large_image","schema":{"@context":"https:\/\/schema.org","@graph":[{"@type":"WebPage","@id":"https:\/\/mentasigorta.com\/en\/our-services\/","url":"https:\/\/mentasigorta.com\/en\/our-services\/","name":"Our services - Menta Global","isPartOf":{"@id":"https:\/\/mentasigorta.com\/#website"},"datePublished":"2024-04-27T13:33:07+00:00","dateModified":"2026-03-20T06:26:21+00:00","breadcrumb":{"@id":"https:\/\/mentasigorta.com\/en\/our-services\/#breadcrumb"},"inLanguage":"en-US","potentialAction":[{"@type":"ReadAction","target":["https:\/\/mentasigorta.com\/en\/our-services\/"]}]},{"@type":"BreadcrumbList","@id":"https:\/\/mentasigorta.com\/en\/our-services\/#breadcrumb","itemListElement":[{"@type":"ListItem","position":1,"name":"Anasayfa","item":"https:\/\/mentasigorta.com\/"},{"@type":"ListItem","position":2,"name":"Our services"}]},{"@type":"WebSite","@id":"https:\/\/mentasigorta.com\/#website","url":"https:\/\/mentasigorta.com\/","name":"Menta Sigorta","description":"Size \u00f6zel yenilik\u00e7i risk \u00e7\u00f6z\u00fcmleri sunuyoruz.","publisher":{"@id":"https:\/\/mentasigorta.com\/#organization"},"potentialAction":[{"@type":"SearchAction","target":{"@type":"EntryPoint","urlTemplate":"https:\/\/mentasigorta.com\/?s={search_term_string}"},"query-input":{"@type":"PropertyValueSpecification","valueRequired":true,"valueName":"search_term_string"}}],"inLanguage":"en-US"},{"@type":"Organization","@id":"https:\/\/mentasigorta.com\/#organization","name":"Menta Sigorta","url":"https:\/\/mentasigorta.com\/","logo":{"@type":"ImageObject","inLanguage":"en-US","@id":"https:\/\/mentasigorta.com\/#\/schema\/logo\/image\/","url":"https:\/\/mentasigorta.com\/wp-content\/uploads\/2023\/08\/menta_logo1.png","contentUrl":"https:\/\/mentasigorta.com\/wp-content\/uploads\/2023\/08\/menta_logo1.png","width":1080,"height":433,"caption":"Menta Sigorta"},"image":{"@id":"https:\/\/mentasigorta.com\/#\/schema\/logo\/image\/"}}]}},"_links":{"self":[{"href":"https:\/\/mentasigorta.com\/en\/wp-json\/wp\/v2\/pages\/6420","targetHints":{"allow":["GET"]}}],"collection":[{"href":"https:\/\/mentasigorta.com\/en\/wp-json\/wp\/v2\/pages"}],"about":[{"href":"https:\/\/mentasigorta.com\/en\/wp-json\/wp\/v2\/types\/page"}],"author":[{"embeddable":true,"href":"https:\/\/mentasigorta.com\/en\/wp-json\/wp\/v2\/users\/1"}],"replies":[{"embeddable":true,"href":"https:\/\/mentasigorta.com\/en\/wp-json\/wp\/v2\/comments?post=6420"}],"version-history":[{"count":1,"href":"https:\/\/mentasigorta.com\/en\/wp-json\/wp\/v2\/pages\/6420\/revisions"}],"predecessor-version":[{"id":6603,"href":"https:\/\/mentasigorta.com\/en\/wp-json\/wp\/v2\/pages\/6420\/revisions\/6603"}],"wp:attachment":[{"href":"https:\/\/mentasigorta.com\/en\/wp-json\/wp\/v2\/media?parent=6420"}],"curies":[{"name":"wp","href":"https:\/\/api.w.org\/{rel}","templated":true}]}}