{"id":6408,"date":"2024-05-04T20:11:21","date_gmt":"2024-05-04T20:11:21","guid":{"rendered":"https:\/\/mentasigorta.com\/personal-insurance-solutions\/"},"modified":"2026-03-25T19:49:17","modified_gmt":"2026-03-25T19:49:17","slug":"personal-insurance-solutions","status":"publish","type":"page","link":"https:\/\/mentasigorta.com\/en\/personal-insurance-solutions\/","title":{"rendered":"Personal Insurance Solutions"},"content":{"rendered":"\t\t<div data-elementor-type=\"wp-page\" data-elementor-id=\"6408\" class=\"elementor elementor-6408 elementor-124\">\n\t\t\t\t<div class=\"elementor-element elementor-element-47a7f892 e-flex e-con-boxed e-con e-parent\" data-id=\"47a7f892\" data-element_type=\"container\" data-e-type=\"container\">\n\t\t\t\t\t<div class=\"e-con-inner\">\n\t\t<div class=\"elementor-element elementor-element-11aa393b e-con-full e-flex e-con e-child\" data-id=\"11aa393b\" data-element_type=\"container\" data-e-type=\"container\">\n\t\t\t\t<div class=\"elementor-element elementor-element-72b63b93 elementor-widget elementor-widget-heading\" data-id=\"72b63b93\" data-element_type=\"widget\" data-e-type=\"widget\" data-widget_type=\"heading.default\">\n\t\t\t\t<div class=\"elementor-widget-container\">\n\t\t\t\t\t<h2 class=\"elementor-heading-title elementor-size-default\">Personal Insurance Solutions\n<\/h2>\t\t\t\t<\/div>\n\t\t\t\t<\/div>\n\t\t\t\t<div class=\"elementor-element elementor-element-24b4853a elementor-widget elementor-widget-text-editor\" data-id=\"24b4853a\" data-element_type=\"widget\" data-e-type=\"widget\" data-widget_type=\"text-editor.default\">\n\t\t\t\t<div class=\"elementor-widget-container\">\n\t\t\t\t\t\t\t\t\t<p>We create the right solutions for all your personal insurance needs and, with the support of<br \/>our specialist teams, match your personal expectations with the right products.<\/p>\t\t\t\t\t\t\t\t<\/div>\n\t\t\t\t<\/div>\n\t\t\t\t<\/div>\n\t\t\t\t\t<\/div>\n\t\t\t\t<\/div>\n\t\t\t\t<section class=\"elementor-section elementor-top-section elementor-element elementor-element-5355da7 elementor-section-boxed elementor-section-height-default elementor-section-height-default\" data-id=\"5355da7\" data-element_type=\"section\" data-e-type=\"section\">\n\t\t\t\t\t\t<div class=\"elementor-container elementor-column-gap-no\">\n\t\t\t\t\t<div class=\"elementor-column elementor-col-100 elementor-top-column elementor-element elementor-element-5ab0bdd\" data-id=\"5ab0bdd\" data-element_type=\"column\" data-e-type=\"column\">\n\t\t\t<div class=\"elementor-widget-wrap elementor-element-populated\">\n\t\t\t\t\t\t<div class=\"elementor-element elementor-element-087b220 elementor-widget__width-initial elementor-widget elementor-widget-spacer\" data-id=\"087b220\" data-element_type=\"widget\" data-e-type=\"widget\" data-widget_type=\"spacer.default\">\n\t\t\t\t<div class=\"elementor-widget-container\">\n\t\t\t\t\t\t\t<div class=\"elementor-spacer\">\n\t\t\t<div class=\"elementor-spacer-inner\"><\/div>\n\t\t<\/div>\n\t\t\t\t\t\t<\/div>\n\t\t\t\t<\/div>\n\t\t\t\t\t<\/div>\n\t\t<\/div>\n\t\t\t\t\t<\/div>\n\t\t<\/section>\n\t\t<div class=\"elementor-element elementor-element-7beb271 e-flex e-con-boxed e-con e-parent\" data-id=\"7beb271\" data-element_type=\"container\" data-e-type=\"container\">\n\t\t\t\t\t<div class=\"e-con-inner\">\n\t\t<div class=\"elementor-element elementor-element-5f60418 e-con-full e-flex e-con e-child\" data-id=\"5f60418\" data-element_type=\"container\" data-e-type=\"container\">\n\t\t\t\t<div class=\"elementor-element elementor-element-ad1e08d image-box-style-3 icon-has-bg elementor-widget elementor-widget-mae-image-box\" data-id=\"ad1e08d\" data-element_type=\"widget\" data-e-type=\"widget\" data-widget_type=\"mae-image-box.default\">\n\t\t\t\t<div class=\"elementor-widget-container\">\n\t\t\t\t\t                <div class=\"master-image-box \">\n                            <div class=\"thumb\"><div class=\"inner\"><img fetchpriority=\"high\" decoding=\"async\" width=\"2560\" height=\"1707\" src=\"https:\/\/mentasigorta.com\/wp-content\/uploads\/2024\/08\/tasitveotomotivbireysel-scaled.jpg\" class=\"attachment-full size-full\" alt=\"\" srcset=\"https:\/\/mentasigorta.com\/wp-content\/uploads\/2024\/08\/tasitveotomotivbireysel-scaled.jpg 2560w, https:\/\/mentasigorta.com\/wp-content\/uploads\/2024\/08\/tasitveotomotivbireysel-300x200.jpg 300w, https:\/\/mentasigorta.com\/wp-content\/uploads\/2024\/08\/tasitveotomotivbireysel-1024x683.jpg 1024w, https:\/\/mentasigorta.com\/wp-content\/uploads\/2024\/08\/tasitveotomotivbireysel-768x512.jpg 768w, https:\/\/mentasigorta.com\/wp-content\/uploads\/2024\/08\/tasitveotomotivbireysel-1536x1024.jpg 1536w, https:\/\/mentasigorta.com\/wp-content\/uploads\/2024\/08\/tasitveotomotivbireysel-2048x1365.jpg 2048w\" sizes=\"(max-width: 2560px) 100vw, 2560px\" \/><\/div><\/div>\n                <div class=\"content-wrap\">\n                    <h2 class=\"headline-2\"><a href=\"https:\/\/mentasigorta.com\/en\/hizmetlerimiz\/car-insurance\/\">Car Insurance<\/a><\/h2><div class=\"desc\"><p>Motor insurance is a type of insurance taken out by vehicle owners to protect their vehicles<br \/>against various risks. This insurance covers vehicles against accidents, theft, fire, natural...<\/p><\/div>            <div class=\"url-wrap\">\n                <a class=\"master-link  icon-right\" href=\"https:\/\/mentasigorta.com\/en\/hizmetlerimiz\/car-insurance\/\">\n                                        <span>More Information<\/span>\n                    <span class=\"icon ci ci-right-arrow2\"><\/span>                <\/a>\n            <\/div>\n\n                            <\/div>\n                    <\/div>\n        \t\t\t\t<\/div>\n\t\t\t\t<\/div>\n\t\t\t\t<\/div>\n\t\t<div class=\"elementor-element elementor-element-026640e e-con-full e-flex e-con e-child\" data-id=\"026640e\" data-element_type=\"container\" data-e-type=\"container\">\n\t\t\t\t<div class=\"elementor-element elementor-element-76188f9 image-box-style-3 icon-has-bg elementor-widget elementor-widget-mae-image-box\" data-id=\"76188f9\" data-element_type=\"widget\" data-e-type=\"widget\" data-widget_type=\"mae-image-box.default\">\n\t\t\t\t<div class=\"elementor-widget-container\">\n\t\t\t\t\t                <div class=\"master-image-box \">\n                            <div class=\"thumb\"><div class=\"inner\"><img decoding=\"async\" width=\"2560\" height=\"1709\" src=\"https:\/\/mentasigorta.com\/wp-content\/uploads\/2024\/09\/sagliksigortalari.jpg\" class=\"attachment-full size-full\" alt=\"\" srcset=\"https:\/\/mentasigorta.com\/wp-content\/uploads\/2024\/09\/sagliksigortalari.jpg 2560w, https:\/\/mentasigorta.com\/wp-content\/uploads\/2024\/09\/sagliksigortalari-300x200.jpg 300w, https:\/\/mentasigorta.com\/wp-content\/uploads\/2024\/09\/sagliksigortalari-1024x684.jpg 1024w, https:\/\/mentasigorta.com\/wp-content\/uploads\/2024\/09\/sagliksigortalari-768x513.jpg 768w, https:\/\/mentasigorta.com\/wp-content\/uploads\/2024\/09\/sagliksigortalari-1536x1025.jpg 1536w, https:\/\/mentasigorta.com\/wp-content\/uploads\/2024\/09\/sagliksigortalari-2048x1367.jpg 2048w\" sizes=\"(max-width: 2560px) 100vw, 2560px\" \/><\/div><\/div>\n                <div class=\"content-wrap\">\n                    <h2 class=\"headline-2\"><a href=\"https:\/\/mentasigorta.com\/en\/hizmetlerimiz\/health-insurance\/\">Health Insurance<\/a><\/h2><div class=\"desc\"><p>Life doesn\u2019t always go as planned. Unexpected accidents or illnesses can suddenly change<br \/>the course of our lives...<\/p><\/div>            <div class=\"url-wrap\">\n                <a class=\"master-link  icon-right\" href=\"https:\/\/mentasigorta.com\/en\/hizmetlerimiz\/health-insurance\/\">\n                                        <span>More Information<\/span>\n                    <span class=\"icon ci ci-right-arrow2\"><\/span>                <\/a>\n            <\/div>\n\n                            <\/div>\n                    <\/div>\n        \t\t\t\t<\/div>\n\t\t\t\t<\/div>\n\t\t\t\t<\/div>\n\t\t<div class=\"elementor-element elementor-element-60bca6a e-con-full e-flex e-con e-child\" data-id=\"60bca6a\" data-element_type=\"container\" data-e-type=\"container\">\n\t\t\t\t<div class=\"elementor-element elementor-element-5745b5d image-box-style-3 icon-has-bg elementor-widget elementor-widget-mae-image-box\" data-id=\"5745b5d\" data-element_type=\"widget\" data-e-type=\"widget\" data-widget_type=\"mae-image-box.default\">\n\t\t\t\t<div class=\"elementor-widget-container\">\n\t\t\t\t\t                <div class=\"master-image-box \">\n                            <div class=\"thumb\"><div class=\"inner\"><img decoding=\"async\" width=\"2560\" height=\"1709\" src=\"https:\/\/mentasigorta.com\/wp-content\/uploads\/2024\/09\/bireyselemeklilikvehayat.jpg\" class=\"attachment-full size-full\" alt=\"\" srcset=\"https:\/\/mentasigorta.com\/wp-content\/uploads\/2024\/09\/bireyselemeklilikvehayat.jpg 2560w, https:\/\/mentasigorta.com\/wp-content\/uploads\/2024\/09\/bireyselemeklilikvehayat-300x200.jpg 300w, https:\/\/mentasigorta.com\/wp-content\/uploads\/2024\/09\/bireyselemeklilikvehayat-1024x684.jpg 1024w, https:\/\/mentasigorta.com\/wp-content\/uploads\/2024\/09\/bireyselemeklilikvehayat-768x513.jpg 768w, https:\/\/mentasigorta.com\/wp-content\/uploads\/2024\/09\/bireyselemeklilikvehayat-1536x1025.jpg 1536w, https:\/\/mentasigorta.com\/wp-content\/uploads\/2024\/09\/bireyselemeklilikvehayat-2048x1367.jpg 2048w\" sizes=\"(max-width: 2560px) 100vw, 2560px\" \/><\/div><\/div>\n                <div class=\"content-wrap\">\n                    <h2 class=\"headline-2\"><a href=\"https:\/\/mentasigorta.com\/en\/hizmetlerimiz\/individual-pension-and-life-insurance\/\">Personal Pension and Life Insurance<\/a><\/h2><div class=\"desc\"><p>Individual pension is a savings scheme that enables you to generate additional income<br \/>during your retirement using the savings you have accumulated throughout your working<br \/>life.<\/p><\/div>            <div class=\"url-wrap\">\n                <a class=\"master-link  icon-right\" href=\"https:\/\/mentasigorta.com\/en\/hizmetlerimiz\/individual-pension-and-life-insurance\/\">\n                                        <span>More Information<\/span>\n                    <span class=\"icon ci ci-right-arrow2\"><\/span>                <\/a>\n            <\/div>\n\n                            <\/div>\n                    <\/div>\n        \t\t\t\t<\/div>\n\t\t\t\t<\/div>\n\t\t\t\t<\/div>\n\t\t\t\t\t<\/div>\n\t\t\t\t<\/div>\n\t\t<div class=\"elementor-element elementor-element-b87d0f5 e-flex e-con-boxed e-con e-parent\" data-id=\"b87d0f5\" data-element_type=\"container\" data-e-type=\"container\">\n\t\t\t\t\t<div class=\"e-con-inner\">\n\t\t<div class=\"elementor-element elementor-element-daa20c4 e-con-full e-flex e-con e-child\" data-id=\"daa20c4\" data-element_type=\"container\" data-e-type=\"container\">\n\t\t\t\t<div class=\"elementor-element elementor-element-c9fae39 image-box-style-3 icon-has-bg elementor-widget elementor-widget-mae-image-box\" data-id=\"c9fae39\" data-element_type=\"widget\" data-e-type=\"widget\" data-widget_type=\"mae-image-box.default\">\n\t\t\t\t<div class=\"elementor-widget-container\">\n\t\t\t\t\t                <div class=\"master-image-box \">\n                            <div class=\"thumb\"><div class=\"inner\"><img loading=\"lazy\" decoding=\"async\" width=\"2560\" height=\"1709\" src=\"https:\/\/mentasigorta.com\/wp-content\/uploads\/2024\/09\/konutvedask.jpg\" class=\"attachment-full size-full\" alt=\"\" srcset=\"https:\/\/mentasigorta.com\/wp-content\/uploads\/2024\/09\/konutvedask.jpg 2560w, https:\/\/mentasigorta.com\/wp-content\/uploads\/2024\/09\/konutvedask-300x200.jpg 300w, https:\/\/mentasigorta.com\/wp-content\/uploads\/2024\/09\/konutvedask-1024x684.jpg 1024w, https:\/\/mentasigorta.com\/wp-content\/uploads\/2024\/09\/konutvedask-768x513.jpg 768w, https:\/\/mentasigorta.com\/wp-content\/uploads\/2024\/09\/konutvedask-1536x1025.jpg 1536w, https:\/\/mentasigorta.com\/wp-content\/uploads\/2024\/09\/konutvedask-2048x1367.jpg 2048w\" sizes=\"(max-width: 2560px) 100vw, 2560px\" \/><\/div><\/div>\n                <div class=\"content-wrap\">\n                    <h2 class=\"headline-2\"><a href=\"https:\/\/mentasigorta.com\/en\/hizmetlerimiz\/home-and-dask-insurance\/\">Home and DASK Insurance<\/a><\/h2><div class=\"desc\"><p>Home insurance is a type of insurance that protects your home against potential risks. It<br \/>covers your home and the contents within it against risks such as fire, theft, flooding,<br \/>earthquakes and similar events<\/p><\/div>            <div class=\"url-wrap\">\n                <a class=\"master-link  icon-right\" href=\"https:\/\/mentasigorta.com\/en\/hizmetlerimiz\/home-and-dask-insurance\/\">\n                                        <span>More Information<\/span>\n                    <span class=\"icon ci ci-right-arrow2\"><\/span>                <\/a>\n            <\/div>\n\n                            <\/div>\n                    <\/div>\n        \t\t\t\t<\/div>\n\t\t\t\t<\/div>\n\t\t\t\t<\/div>\n\t\t<div class=\"elementor-element elementor-element-693ebce e-con-full e-flex e-con e-child\" data-id=\"693ebce\" data-element_type=\"container\" data-e-type=\"container\">\n\t\t\t\t<\/div>\n\t\t<div class=\"elementor-element elementor-element-97a4d0f e-con-full e-flex e-con e-child\" data-id=\"97a4d0f\" data-element_type=\"container\" data-e-type=\"container\">\n\t\t\t\t<\/div>\n\t\t\t\t\t<\/div>\n\t\t\t\t<\/div>\n\t\t\t\t<\/div>\n\t\t\n    <div class=\"xs_social_share_widget xs_share_url after_content \t\tmain_content  wslu-style-1 wslu-share-box-shaped wslu-fill-colored wslu-none wslu-share-horizontal wslu-theme-font-no wslu-main_content\">\n\n\t\t\n        <ul>\n\t\t\t        <\/ul>\n    <\/div> \n","protected":false},"excerpt":{"rendered":"<p>Personal Insurance Solutions We create the right solutions for all your personal insurance needs and, with the support ofour specialist teams, match your personal expectations with the right products. Car Insurance Motor insurance is a type of insurance taken out by vehicle owners to protect their vehiclesagainst various risks. This<\/p>\n","protected":false},"author":1,"featured_media":0,"parent":0,"menu_order":0,"comment_status":"closed","ping_status":"closed","template":"","meta":{"footnotes":""},"class_list":["post-6408","page","type-page","status-publish","hentry"],"yoast_head":"<!-- This site is optimized with the Yoast SEO plugin v27.4 - https:\/\/yoast.com\/product\/yoast-seo-wordpress\/ -->\n<title>Personal Insurance Solutions - Menta Global<\/title>\n<meta name=\"robots\" content=\"index, follow, max-snippet:-1, max-image-preview:large, max-video-preview:-1\" \/>\n<link rel=\"canonical\" href=\"https:\/\/mentasigorta.com\/bireysel-sigorta-cozumleri\/\" \/>\n<meta property=\"og:locale\" content=\"en_US\" \/>\n<meta property=\"og:type\" content=\"article\" \/>\n<meta property=\"og:title\" content=\"Personal Insurance Solutions - Menta Global\" \/>\n<meta property=\"og:description\" content=\"Personal Insurance Solutions We create the right solutions for all your personal insurance needs and, with the support ofour specialist teams, match your personal expectations with the right products. Car Insurance Motor insurance is a type of insurance taken out by vehicle owners to protect their vehiclesagainst various risks. This\" \/>\n<meta property=\"og:url\" content=\"https:\/\/mentasigorta.com\/bireysel-sigorta-cozumleri\/\" \/>\n<meta property=\"og:site_name\" content=\"Menta Global\" \/>\n<meta property=\"article:modified_time\" content=\"2026-03-25T19:49:17+00:00\" \/>\n<meta property=\"og:image\" content=\"https:\/\/mentasigorta.com\/wp-content\/uploads\/2024\/08\/tasitveotomotivbireysel-scaled.jpg\" \/>\n<meta name=\"twitter:card\" content=\"summary_large_image\" \/>\n<meta name=\"twitter:label1\" content=\"Est. reading time\" \/>\n\t<meta name=\"twitter:data1\" content=\"2 minutes\" \/>\n<script type=\"application\/ld+json\" class=\"yoast-schema-graph\">{\"@context\":\"https:\\\/\\\/schema.org\",\"@graph\":[{\"@type\":\"WebPage\",\"@id\":\"https:\\\/\\\/mentasigorta.com\\\/bireysel-sigorta-cozumleri\\\/\",\"url\":\"https:\\\/\\\/mentasigorta.com\\\/bireysel-sigorta-cozumleri\\\/\",\"name\":\"Personal Insurance Solutions - Menta Global\",\"isPartOf\":{\"@id\":\"https:\\\/\\\/mentasigorta.com\\\/#website\"},\"primaryImageOfPage\":{\"@id\":\"https:\\\/\\\/mentasigorta.com\\\/bireysel-sigorta-cozumleri\\\/#primaryimage\"},\"image\":{\"@id\":\"https:\\\/\\\/mentasigorta.com\\\/bireysel-sigorta-cozumleri\\\/#primaryimage\"},\"thumbnailUrl\":\"https:\\\/\\\/mentasigorta.com\\\/wp-content\\\/uploads\\\/2024\\\/08\\\/tasitveotomotivbireysel-scaled.jpg\",\"datePublished\":\"2024-05-04T20:11:21+00:00\",\"dateModified\":\"2026-03-25T19:49:17+00:00\",\"breadcrumb\":{\"@id\":\"https:\\\/\\\/mentasigorta.com\\\/bireysel-sigorta-cozumleri\\\/#breadcrumb\"},\"inLanguage\":\"en-US\",\"potentialAction\":[{\"@type\":\"ReadAction\",\"target\":[\"https:\\\/\\\/mentasigorta.com\\\/bireysel-sigorta-cozumleri\\\/\"]}]},{\"@type\":\"ImageObject\",\"inLanguage\":\"en-US\",\"@id\":\"https:\\\/\\\/mentasigorta.com\\\/bireysel-sigorta-cozumleri\\\/#primaryimage\",\"url\":\"https:\\\/\\\/mentasigorta.com\\\/wp-content\\\/uploads\\\/2024\\\/08\\\/tasitveotomotivbireysel-scaled.jpg\",\"contentUrl\":\"https:\\\/\\\/mentasigorta.com\\\/wp-content\\\/uploads\\\/2024\\\/08\\\/tasitveotomotivbireysel-scaled.jpg\"},{\"@type\":\"BreadcrumbList\",\"@id\":\"https:\\\/\\\/mentasigorta.com\\\/bireysel-sigorta-cozumleri\\\/#breadcrumb\",\"itemListElement\":[{\"@type\":\"ListItem\",\"position\":1,\"name\":\"Anasayfa\",\"item\":\"https:\\\/\\\/mentasigorta.com\\\/\"},{\"@type\":\"ListItem\",\"position\":2,\"name\":\"Personal Insurance Solutions\"}]},{\"@type\":\"WebSite\",\"@id\":\"https:\\\/\\\/mentasigorta.com\\\/#website\",\"url\":\"https:\\\/\\\/mentasigorta.com\\\/\",\"name\":\"Menta Sigorta\",\"description\":\"Size \u00f6zel yenilik\u00e7i risk \u00e7\u00f6z\u00fcmleri sunuyoruz.\",\"publisher\":{\"@id\":\"https:\\\/\\\/mentasigorta.com\\\/#organization\"},\"potentialAction\":[{\"@type\":\"SearchAction\",\"target\":{\"@type\":\"EntryPoint\",\"urlTemplate\":\"https:\\\/\\\/mentasigorta.com\\\/?s={search_term_string}\"},\"query-input\":{\"@type\":\"PropertyValueSpecification\",\"valueRequired\":true,\"valueName\":\"search_term_string\"}}],\"inLanguage\":\"en-US\"},{\"@type\":\"Organization\",\"@id\":\"https:\\\/\\\/mentasigorta.com\\\/#organization\",\"name\":\"Menta Sigorta\",\"url\":\"https:\\\/\\\/mentasigorta.com\\\/\",\"logo\":{\"@type\":\"ImageObject\",\"inLanguage\":\"en-US\",\"@id\":\"https:\\\/\\\/mentasigorta.com\\\/#\\\/schema\\\/logo\\\/image\\\/\",\"url\":\"https:\\\/\\\/mentasigorta.com\\\/wp-content\\\/uploads\\\/2023\\\/08\\\/menta_logo1.png\",\"contentUrl\":\"https:\\\/\\\/mentasigorta.com\\\/wp-content\\\/uploads\\\/2023\\\/08\\\/menta_logo1.png\",\"width\":1080,\"height\":433,\"caption\":\"Menta Sigorta\"},\"image\":{\"@id\":\"https:\\\/\\\/mentasigorta.com\\\/#\\\/schema\\\/logo\\\/image\\\/\"}}]}<\/script>\n<!-- \/ Yoast SEO plugin. -->","yoast_head_json":{"title":"Personal Insurance Solutions - Menta Global","robots":{"index":"index","follow":"follow","max-snippet":"max-snippet:-1","max-image-preview":"max-image-preview:large","max-video-preview":"max-video-preview:-1"},"canonical":"https:\/\/mentasigorta.com\/bireysel-sigorta-cozumleri\/","og_locale":"en_US","og_type":"article","og_title":"Personal Insurance Solutions - Menta Global","og_description":"Personal Insurance Solutions We create the right solutions for all your personal insurance needs and, with the support ofour specialist teams, match your personal expectations with the right products. Car Insurance Motor insurance is a type of insurance taken out by vehicle owners to protect their vehiclesagainst various risks. This","og_url":"https:\/\/mentasigorta.com\/bireysel-sigorta-cozumleri\/","og_site_name":"Menta Global","article_modified_time":"2026-03-25T19:49:17+00:00","og_image":[{"url":"https:\/\/mentasigorta.com\/wp-content\/uploads\/2024\/08\/tasitveotomotivbireysel-scaled.jpg","type":"","width":"","height":""}],"twitter_card":"summary_large_image","twitter_misc":{"Est. reading time":"2 minutes"},"schema":{"@context":"https:\/\/schema.org","@graph":[{"@type":"WebPage","@id":"https:\/\/mentasigorta.com\/bireysel-sigorta-cozumleri\/","url":"https:\/\/mentasigorta.com\/bireysel-sigorta-cozumleri\/","name":"Personal Insurance Solutions - Menta Global","isPartOf":{"@id":"https:\/\/mentasigorta.com\/#website"},"primaryImageOfPage":{"@id":"https:\/\/mentasigorta.com\/bireysel-sigorta-cozumleri\/#primaryimage"},"image":{"@id":"https:\/\/mentasigorta.com\/bireysel-sigorta-cozumleri\/#primaryimage"},"thumbnailUrl":"https:\/\/mentasigorta.com\/wp-content\/uploads\/2024\/08\/tasitveotomotivbireysel-scaled.jpg","datePublished":"2024-05-04T20:11:21+00:00","dateModified":"2026-03-25T19:49:17+00:00","breadcrumb":{"@id":"https:\/\/mentasigorta.com\/bireysel-sigorta-cozumleri\/#breadcrumb"},"inLanguage":"en-US","potentialAction":[{"@type":"ReadAction","target":["https:\/\/mentasigorta.com\/bireysel-sigorta-cozumleri\/"]}]},{"@type":"ImageObject","inLanguage":"en-US","@id":"https:\/\/mentasigorta.com\/bireysel-sigorta-cozumleri\/#primaryimage","url":"https:\/\/mentasigorta.com\/wp-content\/uploads\/2024\/08\/tasitveotomotivbireysel-scaled.jpg","contentUrl":"https:\/\/mentasigorta.com\/wp-content\/uploads\/2024\/08\/tasitveotomotivbireysel-scaled.jpg"},{"@type":"BreadcrumbList","@id":"https:\/\/mentasigorta.com\/bireysel-sigorta-cozumleri\/#breadcrumb","itemListElement":[{"@type":"ListItem","position":1,"name":"Anasayfa","item":"https:\/\/mentasigorta.com\/"},{"@type":"ListItem","position":2,"name":"Personal Insurance Solutions"}]},{"@type":"WebSite","@id":"https:\/\/mentasigorta.com\/#website","url":"https:\/\/mentasigorta.com\/","name":"Menta Sigorta","description":"Size \u00f6zel yenilik\u00e7i risk \u00e7\u00f6z\u00fcmleri sunuyoruz.","publisher":{"@id":"https:\/\/mentasigorta.com\/#organization"},"potentialAction":[{"@type":"SearchAction","target":{"@type":"EntryPoint","urlTemplate":"https:\/\/mentasigorta.com\/?s={search_term_string}"},"query-input":{"@type":"PropertyValueSpecification","valueRequired":true,"valueName":"search_term_string"}}],"inLanguage":"en-US"},{"@type":"Organization","@id":"https:\/\/mentasigorta.com\/#organization","name":"Menta Sigorta","url":"https:\/\/mentasigorta.com\/","logo":{"@type":"ImageObject","inLanguage":"en-US","@id":"https:\/\/mentasigorta.com\/#\/schema\/logo\/image\/","url":"https:\/\/mentasigorta.com\/wp-content\/uploads\/2023\/08\/menta_logo1.png","contentUrl":"https:\/\/mentasigorta.com\/wp-content\/uploads\/2023\/08\/menta_logo1.png","width":1080,"height":433,"caption":"Menta Sigorta"},"image":{"@id":"https:\/\/mentasigorta.com\/#\/schema\/logo\/image\/"}}]}},"_links":{"self":[{"href":"https:\/\/mentasigorta.com\/en\/wp-json\/wp\/v2\/pages\/6408","targetHints":{"allow":["GET"]}}],"collection":[{"href":"https:\/\/mentasigorta.com\/en\/wp-json\/wp\/v2\/pages"}],"about":[{"href":"https:\/\/mentasigorta.com\/en\/wp-json\/wp\/v2\/types\/page"}],"author":[{"embeddable":true,"href":"https:\/\/mentasigorta.com\/en\/wp-json\/wp\/v2\/users\/1"}],"replies":[{"embeddable":true,"href":"https:\/\/mentasigorta.com\/en\/wp-json\/wp\/v2\/comments?post=6408"}],"version-history":[{"count":6,"href":"https:\/\/mentasigorta.com\/en\/wp-json\/wp\/v2\/pages\/6408\/revisions"}],"predecessor-version":[{"id":6712,"href":"https:\/\/mentasigorta.com\/en\/wp-json\/wp\/v2\/pages\/6408\/revisions\/6712"}],"wp:attachment":[{"href":"https:\/\/mentasigorta.com\/en\/wp-json\/wp\/v2\/media?parent=6408"}],"curies":[{"name":"wp","href":"https:\/\/api.w.org\/{rel}","templated":true}]}}